{"id":106,"date":"2023-01-20T17:59:55","date_gmt":"2023-01-20T17:59:55","guid":{"rendered":"https:\/\/bookstore.e-ser.online\/?post_type=product&#038;p=106"},"modified":"2023-01-20T18:02:22","modified_gmt":"2023-01-20T18:02:22","slug":"la-ruta-de-la-fe","status":"publish","type":"product","link":"https:\/\/bookstore.e-ser.online\/index.php\/product\/la-ruta-de-la-fe\/","title":{"rendered":"LA RUTA DE LA F\u00c9"},"content":{"rendered":"","protected":false},"excerpt":{"rendered":"<div class=\"kvgmc6g5 cxmmr5t8 oygrvhab hcukyx3x c1et5uql\">Dr. Jos\u00e9 F\u00e9lix Coronel &#8230;&#8230;&#8230;&#8230;&#8230;&#8230;&#8230;&#8230;&#8230;&#8230;&#8230;&#8230;<\/div>\n<div class=\"o9v6fnle cxmmr5t8 oygrvhab hcukyx3x c1et5uql\">\u00a1Caminar en una aventura diaria de la vida de fe!<\/div>\n<div class=\"o9v6fnle cxmmr5t8 oygrvhab hcukyx3x c1et5uql\">El escritor del libro de los hebreos declara que Jes\u00fas es el autor y consumador de la fe, el ap\u00f3stol Pedro nos invita a caminar en la ruta de la fe siguiendo sus pisadas.<\/div>\n<div class=\"o9v6fnle cxmmr5t8 oygrvhab hcukyx3x c1et5uql\">Este libro te sumergir\u00e1 en la ruta de la fe d\u00f3nde podr\u00e1s caminar siguiendo las pisadas de Jes\u00fas en un mundo sobrenatural.<\/div>\n","protected":false},"featured_media":147,"comment_status":"open","ping_status":"closed","template":"","meta":[],"product_cat":[20],"product_tag":[],"_links":{"self":[{"href":"https:\/\/bookstore.e-ser.online\/index.php\/wp-json\/wp\/v2\/product\/106"}],"collection":[{"href":"https:\/\/bookstore.e-ser.online\/index.php\/wp-json\/wp\/v2\/product"}],"about":[{"href":"https:\/\/bookstore.e-ser.online\/index.php\/wp-json\/wp\/v2\/types\/product"}],"replies":[{"embeddable":true,"href":"https:\/\/bookstore.e-ser.online\/index.php\/wp-json\/wp\/v2\/comments?post=106"}],"wp:featuredmedia":[{"embeddable":true,"href":"https:\/\/bookstore.e-ser.online\/index.php\/wp-json\/wp\/v2\/media\/147"}],"wp:attachment":[{"href":"https:\/\/bookstore.e-ser.online\/index.php\/wp-json\/wp\/v2\/media?parent=106"}],"wp:term":[{"taxonomy":"product_cat","embeddable":true,"href":"https:\/\/bookstore.e-ser.online\/index.php\/wp-json\/wp\/v2\/product_cat?post=106"},{"taxonomy":"product_tag","embeddable":true,"href":"https:\/\/bookstore.e-ser.online\/index.php\/wp-json\/wp\/v2\/product_tag?post=106"}],"curies":[{"name":"wp","href":"https:\/\/api.w.org\/{rel}","templated":true}]}}