{"id":107,"date":"2023-01-20T17:59:55","date_gmt":"2023-01-20T17:59:55","guid":{"rendered":"https:\/\/bookstore.e-ser.online\/?post_type=product&#038;p=107"},"modified":"2023-01-20T18:02:28","modified_gmt":"2023-01-20T18:02:28","slug":"yo-soy-de-mi-amado-y-mi-amado-es-mio","status":"publish","type":"product","link":"https:\/\/bookstore.e-ser.online\/index.php\/product\/yo-soy-de-mi-amado-y-mi-amado-es-mio\/","title":{"rendered":"YO SOY DE MI AMADO Y MI AMADO ES MIO"},"content":{"rendered":"","protected":false},"excerpt":{"rendered":"<div class=\"kvgmc6g5 cxmmr5t8 oygrvhab hcukyx3x c1et5uql\">Dr. Jos\u00e9 F\u00e9lix Coronel &#8230;&#8230;&#8230;&#8230;&#8230;&#8230;&#8230;&#8230;&#8230;&#8230;&#8230;..<\/div>\n<div class=\"o9v6fnle cxmmr5t8 oygrvhab hcukyx3x c1et5uql\"><\/div>\n<div class=\"o9v6fnle cxmmr5t8 oygrvhab hcukyx3x c1et5uql\">Testimonio del Dr. y ap\u00f3stol Jos\u00e9 F\u00e9lix.<\/div>\n<div class=\"o9v6fnle cxmmr5t8 oygrvhab hcukyx3x c1et5uql\">Este libro te ayudar\u00e1 a establecer lazos \u00edntimos con mi amado, podr\u00e1s conocerlo mejor y tu hambre de estar cerca de \u00c9l ser\u00e1 mayor.<\/div>\n","protected":false},"featured_media":148,"comment_status":"open","ping_status":"closed","template":"","meta":[],"product_cat":[20],"product_tag":[],"_links":{"self":[{"href":"https:\/\/bookstore.e-ser.online\/index.php\/wp-json\/wp\/v2\/product\/107"}],"collection":[{"href":"https:\/\/bookstore.e-ser.online\/index.php\/wp-json\/wp\/v2\/product"}],"about":[{"href":"https:\/\/bookstore.e-ser.online\/index.php\/wp-json\/wp\/v2\/types\/product"}],"replies":[{"embeddable":true,"href":"https:\/\/bookstore.e-ser.online\/index.php\/wp-json\/wp\/v2\/comments?post=107"}],"wp:featuredmedia":[{"embeddable":true,"href":"https:\/\/bookstore.e-ser.online\/index.php\/wp-json\/wp\/v2\/media\/148"}],"wp:attachment":[{"href":"https:\/\/bookstore.e-ser.online\/index.php\/wp-json\/wp\/v2\/media?parent=107"}],"wp:term":[{"taxonomy":"product_cat","embeddable":true,"href":"https:\/\/bookstore.e-ser.online\/index.php\/wp-json\/wp\/v2\/product_cat?post=107"},{"taxonomy":"product_tag","embeddable":true,"href":"https:\/\/bookstore.e-ser.online\/index.php\/wp-json\/wp\/v2\/product_tag?post=107"}],"curies":[{"name":"wp","href":"https:\/\/api.w.org\/{rel}","templated":true}]}}