{"id":112,"date":"2023-01-20T17:59:56","date_gmt":"2023-01-20T17:59:56","guid":{"rendered":"https:\/\/bookstore.e-ser.online\/?post_type=product&#038;p=112"},"modified":"2024-07-10T00:29:34","modified_gmt":"2024-07-10T00:29:34","slug":"el-castigo-del-senor","status":"publish","type":"product","link":"https:\/\/bookstore.e-ser.online\/index.php\/product\/el-castigo-del-senor\/","title":{"rendered":"EL CASTIGO DEL SE\u00d1OR"},"content":{"rendered":"<p>La doctrina olvidada<\/p>\n","protected":false},"excerpt":{"rendered":"<div class=\"kvgmc6g5 cxmmr5t8 oygrvhab hcukyx3x c1et5uql\">Bob Sorge &#8230;&#8230;&#8230;&#8230;&#8230;.<\/div>\n<div class=\"o9v6fnle cxmmr5t8 oygrvhab hcukyx3x c1et5uql\">Este libro celebra la bondad de Dios al castigarnos. Nuestro padre no es negligente ni un disciplinador estricto.\u00a1\u00c9l es el padre perfecto! Este libro: *Te ayudar\u00e1 a darle sentido a juicios inexplicables. *Fortalecer\u00e1 tu determinaci\u00f3n de perseverar en la fe hasta el fin. *Aumentar\u00e1 tu confianza en la intervenci\u00f3n sobrenatural de Dios. *Te ayudar\u00e1 a entrenar a tus hijos de una manera m\u00e1s eficaz. *Desbloquear\u00e1 un gran secreto: el castigo puede calificarnos para una mayor encomienda en el reino.<\/div>\n","protected":false},"featured_media":153,"comment_status":"open","ping_status":"closed","template":"","meta":[],"product_cat":[21],"product_tag":[],"_links":{"self":[{"href":"https:\/\/bookstore.e-ser.online\/index.php\/wp-json\/wp\/v2\/product\/112"}],"collection":[{"href":"https:\/\/bookstore.e-ser.online\/index.php\/wp-json\/wp\/v2\/product"}],"about":[{"href":"https:\/\/bookstore.e-ser.online\/index.php\/wp-json\/wp\/v2\/types\/product"}],"replies":[{"embeddable":true,"href":"https:\/\/bookstore.e-ser.online\/index.php\/wp-json\/wp\/v2\/comments?post=112"}],"wp:featuredmedia":[{"embeddable":true,"href":"https:\/\/bookstore.e-ser.online\/index.php\/wp-json\/wp\/v2\/media\/153"}],"wp:attachment":[{"href":"https:\/\/bookstore.e-ser.online\/index.php\/wp-json\/wp\/v2\/media?parent=112"}],"wp:term":[{"taxonomy":"product_cat","embeddable":true,"href":"https:\/\/bookstore.e-ser.online\/index.php\/wp-json\/wp\/v2\/product_cat?post=112"},{"taxonomy":"product_tag","embeddable":true,"href":"https:\/\/bookstore.e-ser.online\/index.php\/wp-json\/wp\/v2\/product_tag?post=112"}],"curies":[{"name":"wp","href":"https:\/\/api.w.org\/{rel}","templated":true}]}}