{"id":114,"date":"2023-01-20T17:59:56","date_gmt":"2023-01-20T17:59:56","guid":{"rendered":"https:\/\/bookstore.e-ser.online\/?post_type=product&#038;p=114"},"modified":"2023-01-20T18:04:01","modified_gmt":"2023-01-20T18:04:01","slug":"oracion-implacable","status":"publish","type":"product","link":"https:\/\/bookstore.e-ser.online\/index.php\/product\/oracion-implacable\/","title":{"rendered":"ORACI\u00d3N IMPLACABLE"},"content":{"rendered":"<p>Os digo que pronto les har\u00e1 justicia. Pero<br \/>\ncuando venga el Hijo del Hombre, \u00bfhallar\u00e1 fe<br \/>\nen la tierra? (Lucas 18:8).<\/p>\n","protected":false},"excerpt":{"rendered":"<div class=\"kvgmc6g5 cxmmr5t8 oygrvhab hcukyx3x c1et5uql\">De Bob Sorge. &#8230;&#8230;&#8230;&#8230;&#8230;&#8230;&#8230;&#8230;<\/div>\n<div class=\"o9v6fnle cxmmr5t8 oygrvhab hcukyx3x c1et5uql\">El autor nos lleva por este maravilloso viaje de reflexiones sobre la vida del ser humano develando que todo gira en torno a nuestras emociones, que toda la historia de este mismo se ha escrito a trav\u00e9s de ellas siendo detonadas, las emociones presuponen conductas que nos llevan por colinas y valles d\u00e1ndonos la libertad de las aves, nos hacen vivir desiertos; nos visten de h\u00e9roes o villanos despertando y afinando nuestra personalidad.<\/div>\n","protected":false},"featured_media":155,"comment_status":"open","ping_status":"closed","template":"","meta":[],"product_cat":[21],"product_tag":[],"_links":{"self":[{"href":"https:\/\/bookstore.e-ser.online\/index.php\/wp-json\/wp\/v2\/product\/114"}],"collection":[{"href":"https:\/\/bookstore.e-ser.online\/index.php\/wp-json\/wp\/v2\/product"}],"about":[{"href":"https:\/\/bookstore.e-ser.online\/index.php\/wp-json\/wp\/v2\/types\/product"}],"replies":[{"embeddable":true,"href":"https:\/\/bookstore.e-ser.online\/index.php\/wp-json\/wp\/v2\/comments?post=114"}],"wp:featuredmedia":[{"embeddable":true,"href":"https:\/\/bookstore.e-ser.online\/index.php\/wp-json\/wp\/v2\/media\/155"}],"wp:attachment":[{"href":"https:\/\/bookstore.e-ser.online\/index.php\/wp-json\/wp\/v2\/media?parent=114"}],"wp:term":[{"taxonomy":"product_cat","embeddable":true,"href":"https:\/\/bookstore.e-ser.online\/index.php\/wp-json\/wp\/v2\/product_cat?post=114"},{"taxonomy":"product_tag","embeddable":true,"href":"https:\/\/bookstore.e-ser.online\/index.php\/wp-json\/wp\/v2\/product_tag?post=114"}],"curies":[{"name":"wp","href":"https:\/\/api.w.org\/{rel}","templated":true}]}}