{"id":115,"date":"2023-01-20T17:59:56","date_gmt":"2023-01-20T17:59:56","guid":{"rendered":"https:\/\/bookstore.e-ser.online\/?post_type=product&#038;p=115"},"modified":"2024-11-03T02:58:49","modified_gmt":"2024-11-03T02:58:49","slug":"tiempo-para-avanzar","status":"publish","type":"product","link":"https:\/\/bookstore.e-ser.online\/index.php\/product\/tiempo-para-avanzar\/","title":{"rendered":"TIEMPO PARA AVANZAR"},"content":{"rendered":"","protected":false},"excerpt":{"rendered":"<div class=\"kvgmc6g5 cxmmr5t8 oygrvhab hcukyx3x c1et5uql\">Chuck D. Pierce &#8230;&#8230;&#8230;&#8230;&#8230;&#8230;&#8230;&#8230;.<\/div>\n<div class=\"o9v6fnle cxmmr5t8 oygrvhab hcukyx3x c1et5uql\">UNA RESERVA TRIUNFANTE SE EST\u00c1 LEVANTANDO EN LA TIERRA. Te ayudar\u00e1 a entender como Dios est\u00e1 desarrollando su ej\u00e9rcito que conquistar\u00e1 el d\u00eda de hoy. Tambi\u00e9n entender\u00e1s como cada parte se mueve junto con la calidad redentora del pacto de Dios por Israel. Esto te ayudar\u00e1 a plantarte sobre como estamos injertados en el mover en los d\u00edas venideros. Mientras aprendes a pensar como Dios piensa y estudias las tribus y los meses hebreos, recibir\u00e1s un entendimiento prof\u00e9tico de c\u00f3mo el Se\u00f1or ordena tus pasos a trav\u00e9s del a\u00f1o.<\/div>\n","protected":false},"featured_media":156,"comment_status":"open","ping_status":"closed","template":"","meta":[],"product_cat":[22],"product_tag":[],"_links":{"self":[{"href":"https:\/\/bookstore.e-ser.online\/index.php\/wp-json\/wp\/v2\/product\/115"}],"collection":[{"href":"https:\/\/bookstore.e-ser.online\/index.php\/wp-json\/wp\/v2\/product"}],"about":[{"href":"https:\/\/bookstore.e-ser.online\/index.php\/wp-json\/wp\/v2\/types\/product"}],"replies":[{"embeddable":true,"href":"https:\/\/bookstore.e-ser.online\/index.php\/wp-json\/wp\/v2\/comments?post=115"}],"wp:featuredmedia":[{"embeddable":true,"href":"https:\/\/bookstore.e-ser.online\/index.php\/wp-json\/wp\/v2\/media\/156"}],"wp:attachment":[{"href":"https:\/\/bookstore.e-ser.online\/index.php\/wp-json\/wp\/v2\/media?parent=115"}],"wp:term":[{"taxonomy":"product_cat","embeddable":true,"href":"https:\/\/bookstore.e-ser.online\/index.php\/wp-json\/wp\/v2\/product_cat?post=115"},{"taxonomy":"product_tag","embeddable":true,"href":"https:\/\/bookstore.e-ser.online\/index.php\/wp-json\/wp\/v2\/product_tag?post=115"}],"curies":[{"name":"wp","href":"https:\/\/api.w.org\/{rel}","templated":true}]}}