{"id":116,"date":"2023-01-20T17:59:56","date_gmt":"2023-01-20T17:59:56","guid":{"rendered":"https:\/\/bookstore.e-ser.online\/?post_type=product&#038;p=116"},"modified":"2023-01-20T18:04:18","modified_gmt":"2023-01-20T18:04:18","slug":"codigo-honor","status":"publish","type":"product","link":"https:\/\/bookstore.e-ser.online\/index.php\/product\/codigo-honor\/","title":{"rendered":"C\u00d3DIGO HONOR"},"content":{"rendered":"","protected":false},"excerpt":{"rendered":"<div class=\"kvgmc6g5 cxmmr5t8 oygrvhab hcukyx3x c1et5uql\">Hugo D\u00edaz D\u00edaz &#8230;&#8230;&#8230;&#8230;&#8230;&#8230;&#8230;&#8230;&#8230;<\/div>\n<div class=\"o9v6fnle cxmmr5t8 oygrvhab hcukyx3x c1et5uql\">El camino de vida seg\u00fan Dios comienza con nuestra actitud ante las situaciones que enfrentamos a diario en el transitar hacia el destino prof\u00e9tico que \u00c9l tiene para nosotros.<\/div>\n<div class=\"o9v6fnle cxmmr5t8 oygrvhab hcukyx3x c1et5uql\">Avanzar no es cuesti\u00f3n de recursos, ni capacidades sino de obediencia al Se\u00f1or aun en medio de los cuestionamientos que pudieran surgir por las circunstancias que vivimos, necesitamos de la gracia y el favor de Dios para poseer la herencia que fue dise\u00f1ada para cada uno.<\/div>\n","protected":false},"featured_media":157,"comment_status":"open","ping_status":"closed","template":"","meta":[],"product_cat":[23],"product_tag":[],"_links":{"self":[{"href":"https:\/\/bookstore.e-ser.online\/index.php\/wp-json\/wp\/v2\/product\/116"}],"collection":[{"href":"https:\/\/bookstore.e-ser.online\/index.php\/wp-json\/wp\/v2\/product"}],"about":[{"href":"https:\/\/bookstore.e-ser.online\/index.php\/wp-json\/wp\/v2\/types\/product"}],"replies":[{"embeddable":true,"href":"https:\/\/bookstore.e-ser.online\/index.php\/wp-json\/wp\/v2\/comments?post=116"}],"wp:featuredmedia":[{"embeddable":true,"href":"https:\/\/bookstore.e-ser.online\/index.php\/wp-json\/wp\/v2\/media\/157"}],"wp:attachment":[{"href":"https:\/\/bookstore.e-ser.online\/index.php\/wp-json\/wp\/v2\/media?parent=116"}],"wp:term":[{"taxonomy":"product_cat","embeddable":true,"href":"https:\/\/bookstore.e-ser.online\/index.php\/wp-json\/wp\/v2\/product_cat?post=116"},{"taxonomy":"product_tag","embeddable":true,"href":"https:\/\/bookstore.e-ser.online\/index.php\/wp-json\/wp\/v2\/product_tag?post=116"}],"curies":[{"name":"wp","href":"https:\/\/api.w.org\/{rel}","templated":true}]}}