{"id":121,"date":"2023-01-20T17:59:56","date_gmt":"2023-01-20T17:59:56","guid":{"rendered":"https:\/\/bookstore.e-ser.online\/?post_type=product&#038;p=121"},"modified":"2024-07-29T05:19:06","modified_gmt":"2024-07-29T05:19:06","slug":"escondido-en-la-roca","status":"publish","type":"product","link":"https:\/\/bookstore.e-ser.online\/index.php\/product\/escondido-en-la-roca\/","title":{"rendered":"ESCONDIDO EN LA ROCA"},"content":{"rendered":"","protected":false},"excerpt":{"rendered":"<p>El Pastor Gerardo Torres es un hombre que Dios tomo y meti\u00f3 en un horno de fuego para ser cambiado y transformado por medio de Su Palabra y la obra del Esp\u00edritu Santo. Es por eso que nos anima y desaf\u00eda a ser personas con valores, neg\u00e1ndonos a los sentimientos, emociones y deseos de la carne para vivir tomando la Cruz y viviendo bajo el gobierno de Dios, determinados y afirmados en cumplir Su voluntad.<\/p>\n","protected":false},"featured_media":162,"comment_status":"open","ping_status":"closed","template":"","meta":[],"product_cat":[24],"product_tag":[],"_links":{"self":[{"href":"https:\/\/bookstore.e-ser.online\/index.php\/wp-json\/wp\/v2\/product\/121"}],"collection":[{"href":"https:\/\/bookstore.e-ser.online\/index.php\/wp-json\/wp\/v2\/product"}],"about":[{"href":"https:\/\/bookstore.e-ser.online\/index.php\/wp-json\/wp\/v2\/types\/product"}],"replies":[{"embeddable":true,"href":"https:\/\/bookstore.e-ser.online\/index.php\/wp-json\/wp\/v2\/comments?post=121"}],"wp:featuredmedia":[{"embeddable":true,"href":"https:\/\/bookstore.e-ser.online\/index.php\/wp-json\/wp\/v2\/media\/162"}],"wp:attachment":[{"href":"https:\/\/bookstore.e-ser.online\/index.php\/wp-json\/wp\/v2\/media?parent=121"}],"wp:term":[{"taxonomy":"product_cat","embeddable":true,"href":"https:\/\/bookstore.e-ser.online\/index.php\/wp-json\/wp\/v2\/product_cat?post=121"},{"taxonomy":"product_tag","embeddable":true,"href":"https:\/\/bookstore.e-ser.online\/index.php\/wp-json\/wp\/v2\/product_tag?post=121"}],"curies":[{"name":"wp","href":"https:\/\/api.w.org\/{rel}","templated":true}]}}