{"id":132,"date":"2023-01-20T18:00:56","date_gmt":"2023-01-20T18:00:56","guid":{"rendered":"https:\/\/bookstore.e-ser.online\/?post_type=product&#038;p=132"},"modified":"2024-08-09T17:04:48","modified_gmt":"2024-08-09T17:04:48","slug":"codigos-de-libertad","status":"publish","type":"product","link":"https:\/\/bookstore.e-ser.online\/index.php\/product\/codigos-de-libertad\/","title":{"rendered":"CODIGOS DE LIBERTAD"},"content":{"rendered":"","protected":false},"excerpt":{"rendered":"<p>C\u00f3digos de libertad es un reto de vida, es dejar atr\u00e1s lo que nos tiene atados y correr tras una vida de prop\u00f3sito, Estad pues, firmes en la libertad con que cristo nos hizo libres, y no est\u00e9is\u00a0 otra ves sujetos al yugo de esclavitud ( G\u00e1latas 5:1).<\/p>\n<p>La libertad nos impulsa a buscar el prop\u00f3sito al que hemos sido llamados por nuestro padre, siendo a Su misma Imagen.<\/p>\n<p>&nbsp;<\/p>\n","protected":false},"featured_media":168,"comment_status":"open","ping_status":"closed","template":"","meta":[],"product_cat":[20],"product_tag":[],"_links":{"self":[{"href":"https:\/\/bookstore.e-ser.online\/index.php\/wp-json\/wp\/v2\/product\/132"}],"collection":[{"href":"https:\/\/bookstore.e-ser.online\/index.php\/wp-json\/wp\/v2\/product"}],"about":[{"href":"https:\/\/bookstore.e-ser.online\/index.php\/wp-json\/wp\/v2\/types\/product"}],"replies":[{"embeddable":true,"href":"https:\/\/bookstore.e-ser.online\/index.php\/wp-json\/wp\/v2\/comments?post=132"}],"wp:featuredmedia":[{"embeddable":true,"href":"https:\/\/bookstore.e-ser.online\/index.php\/wp-json\/wp\/v2\/media\/168"}],"wp:attachment":[{"href":"https:\/\/bookstore.e-ser.online\/index.php\/wp-json\/wp\/v2\/media?parent=132"}],"wp:term":[{"taxonomy":"product_cat","embeddable":true,"href":"https:\/\/bookstore.e-ser.online\/index.php\/wp-json\/wp\/v2\/product_cat?post=132"},{"taxonomy":"product_tag","embeddable":true,"href":"https:\/\/bookstore.e-ser.online\/index.php\/wp-json\/wp\/v2\/product_tag?post=132"}],"curies":[{"name":"wp","href":"https:\/\/api.w.org\/{rel}","templated":true}]}}